{"id":5637,"date":"2019-11-19T08:25:10","date_gmt":"2019-11-19T08:25:10","guid":{"rendered":"http:\/\/toldosled.es\/politica-de-privacidad\/"},"modified":"2019-11-19T08:25:10","modified_gmt":"2019-11-19T08:25:10","slug":"politica-de-privacidad","status":"publish","type":"page","link":"https:\/\/toldosled.es\/en\/politica-de-privacidad\/","title":{"rendered":"Pol\u00edtica de privacidad"},"content":{"rendered":"\r\n<div class=\"tatsu-column-pad-wrap\">\r\n<div class=\"tatsu-column-pad\">\r\n<div class=\"tatsu-module tatsu-text-block-wrap tatsu-Hy-nQ2wWQ \">\r\n<div class=\"tatsu-text-inner tatsu-align-center   clearfix\" data-animation=\"fadeIn\" data-animation-delay=\"0\">\r\n<div class=\"section-subtitle\">\r\n<section>\r\n<div id=\"static-page\" class=\"container\">\r\n<div class=\"row\">\r\n<div class=\"page-content col-lg-8 col-md-8 col-sm-12 col-xs-12\">\r\n<div class=\"section-text \">\r\n<p><strong>Responsable. \u00bfQui\u00e9n es el Responsable del tratamiento de sus datos?<\/strong><br \/>Le informamos que Toldos Led (en adelante Responsable del Tratamiento) es el titular de la web www.toldosled.es. Pueden contactar por correo electr\u00f3nico a: comercial@toldosled.es.<\/p>\r\n<p><br \/><strong>Legitimaci\u00f3n. \u00bfCu\u00e1l es la legitimaci\u00f3n para el tratamiento de sus datos?<\/strong><br \/>La base legal para el tratamiento de sus datos est\u00e1 basada en el consentimiento que se le solicitar\u00e1 en el formulario de contacto. El usuario que facilite datos personales trav\u00e9s del formulario de contacto de\u00a0la web, estar\u00e1 proporcionando voluntariamente datos de car\u00e1cter personal (de ahora en adelante los Datos Personales). La informaci\u00f3n personal que facilite a trav\u00e9s del formulario de contacto y en los correos electr\u00f3nicos, pasar\u00e1 a ser introducida en un fichero automatizado bajo la responsabilidad del Responsable del Tratamiento, y se mantendr\u00e1 confidencial y protegida.<br \/><br \/>El Responsable del Tratamiento informa a los usuarios que, en cumplimiento del RGPD 679\/2016 dispone de un Registro de Actividades. Por todo ello, el USUARIO acepta de forma expresa, plenamente y sin reservas que el Responsable del Tratamiento trate sus datos personales de forma automatizada. En el ep\u00edgrafe finalidad le detallo ampliamente con qu\u00e9 finalidad se tratan sus datos personales. Esta pol\u00edtica de privacidad describe la recopilaci\u00f3n y el uso que se hace de su informaci\u00f3n personal. Salvo que espec\u00edficamente se establezca lo contrario, se considerar\u00e1 necesario completar todos los datos obligatorios para utilizar el formulario de contacto.<br \/><br \/><strong>Procedencia. \u00bfC\u00f3mo hemos obtenido sus datos?<\/strong><br \/>Toda la informaci\u00f3n personal (datos de car\u00e1cter personal) que facilite ser\u00e1 a trav\u00e9s del formulario de contacto o en los correos electr\u00f3nicos.<br \/><br \/>Las categor\u00edas de datos que se tratan en el formulario de contacto son:<br \/>\u00b7 Nombre.<br \/>\u00b7 Correo electr\u00f3nico.<br \/>\u00b7 Tel\u00e9fono.<br \/><br \/>No se tratar\u00e1n datos especialmente protegidos.<br \/><br \/>Visitar la web del Responsable del Tratamiento no supone que el usuario est\u00e9 obligado a facilitar ninguna informaci\u00f3n sobre s\u00ed mismo, es una web totalmente informativa.<br \/><br \/>Cuando env\u00ede una consulta mediante el formulario de contacto, el usuario deber\u00e1 prestar su aceptaci\u00f3n y consentimiento al tratamiento de sus Datos Personales de conformidad con la presente Pol\u00edtica de Protecci\u00f3n de Datos. Si no acepta los t\u00e9rminos de la Pol\u00edtica de Protecci\u00f3n de Datos, el usuario no podr\u00e1 utilizar el formulario de contacto.<br \/><br \/>El usuario deber\u00e1 facilitar al Responsable del Tratamiento los datos personales que se le puedan requerir cuando utilice el formulario de contacto.<br \/><br \/><strong>Finalidad. \u00bfCon qu\u00e9 finalidad tratamos sus datos personales?<\/strong><br \/>\u00danicamente se utilizar\u00e1 la informaci\u00f3n que facilite para gestionar las consultas recibidas.<br \/><br \/>Para cumplir con las distintas disposiciones legales, se han establecido diferentes niveles de seguridad para proteger los datos personales que faciliten, habiendo adoptado todas las medidas t\u00e9cnicas a mi alcance para evitar la p\u00e9rdida, mal uso, alteraci\u00f3n, acceso no autorizado y manipulaci\u00f3n de dichos datos personales.<br \/><br \/>El compromiso del Responsable del Tratamiento:<br \/><br \/>\u00b7 Proteger su intimidad y tratar de forma confidencial la informaci\u00f3n que proporcione.<br \/>\u00b7 La informaci\u00f3n que proporcione ser\u00e1 utilizada \u00fanicamente para los servicios contratados.<br \/>\u00b7 No revelar su informaci\u00f3n personal a terceros sin su consentimiento.<br \/><br \/>El usuario deber\u00e1 rellenar el formulario de contacto con datos verdaderos, exactos, completos y actualizados, respondiendo de los da\u00f1os y perjuicios que pudiera ocasionar al Responsable del Tratamiento, o a terceros como consecuencia de la inobservancia de tales aspectos.<br \/><br \/><strong>\u00bfPor cu\u00e1nto tiempo conservaremos sus datos?<\/strong><br \/>Los datos de car\u00e1cter personal se conservar\u00e1n en cumplimiento de los plazos legales de prescripci\u00f3n que resulten de aplicaci\u00f3n.\u00a0<br \/>\u00a0<br \/><strong>Destinatarios. \u00bfA qu\u00e9 destinatarios se comunicar\u00e1n sus datos?<\/strong><br \/>Estos datos ser\u00e1n tratados \u00fanicamente por Toldos Led para poder dar respuesta a sus consultas y prestarle el servicio solicitado.<br \/><br \/><strong>Derechos. \u00bfCu\u00e1les son sus derechos cuando nos facilita sus datos?<\/strong><br \/>Puede ejercer sus derechos de informaci\u00f3n, acceso, rectificaci\u00f3n, oposici\u00f3n, supresi\u00f3n, limitaci\u00f3n de tratamiento y portabilidad de los datos personales mediante un escrito a comercial@toldosled.es.<br \/><br \/><strong>Pol\u00edtica de cookies<br \/><\/strong>Las cookies son peque\u00f1os archivos que se instalan en el ordenador del usuario y que permiten al responsable de un servicio mejorar la forma de interactuar entre sus visitantes y su sitio web. En algunos casos, la instalaci\u00f3n de estas cookies requiere del consentimiento del usuario.<\/p>\r\n<p>Existen diferentes clases de cookies, afectadas y no afectadas por la Ley:<\/p>\r\n<p>Cookies no afectadas:<\/p>\r\n<p>\u2022 T\u00e9cnicas: Son necesaria para la navegaci\u00f3n. Sin ellas la p\u00e1gina no funcionar\u00eda adecuadamente.<\/p>\r\n<p>\u2022 De seguridad: Impiden o dificultan ataques contra el sitio web o sus usuarios.<\/p>\r\n<p>Cookies afectadas:<\/p>\r\n<p>\u2022 Anal\u00edticas: Permiten medir la actividad de los usuarios y elaborar estad\u00edsticas de navegaci\u00f3n.<\/p>\r\n<p>\u2022 Publicitarias: Gestionan la frecuencia y el contenido de los anuncios.<\/p>\r\n<p>\u2022 De seguimiento: Almacenan informaci\u00f3n sobre los usuarios para mostrarles publicidad personalizada.<\/p>\r\n<p>Se informa que el sitio web utiliza Google Analytics, un servicio anal\u00edtico de web prestado por Google, Inc., una compa\u00f1\u00eda de Delaware cuya oficina principal est\u00e1 en 1600 Amphitheatre Parkway, Mountain View (California), CA 94043, Estados Unidos (&#8220;Google&#8221;).<\/p>\r\n<p>Google Analytics utiliza &#8220;cookies&#8221;, que son archivos de texto ubicados en su ordenador, para ayudar al website a analizar el uso que hacen los usuarios del sitio web. La informaci\u00f3n que genera la cookie acerca de su uso del website (incluyendo su direcci\u00f3n IP) ser\u00e1 directamente transmitida y archivada por Google en los servidores de Estados Unidos.\u00a0<\/p>\r\n<div class=\"\">\u00a0<\/div>\r\n<p><strong><em>Lista de cookies estad\u00edsticas<\/em><\/strong>:<\/p>\r\n<p><a href=\"https:\/\/developers.google.com\/analytics\/devguides\/collection\/analyticsjs\/cookie-usage?hl=es-419\" target=\"_blank\" rel=\"noopener noreferrer\">https:\/\/developers.google.com\/analytics\/devguides\/collection\/analyticsjs\/cookie-usage?hl=es-419<\/a><\/p>\r\n<p>Puede usted rechazar el tratamiento de los datos o la informaci\u00f3n rechazando el uso de cookies mediante la selecci\u00f3n de la configuraci\u00f3n apropiada de su navegador, sin embargo, debe usted saber que si lo hace puede ser que no pueda usar la plena funcionabilidad de este website. Al utilizar este sitio Web usted consiente el tratamiento de informaci\u00f3n acerca de usted por Google en la forma y para los fines arriba indicados.<\/p>\r\n<p>Para desactivar\/activar cookies de su dispositivo, tendr\u00e1 que hacerlo a trav\u00e9s de su navegador de Internet.\u00a0<\/p>\r\n<\/div>\r\n<\/div>\r\n<\/div>\r\n<\/div>\r\n<\/section>\r\n<footer>\r\n<div class=\"container\">\r\n<div class=\"row\">\r\n<div class=\"col-lg-offset-2 col-lg-8 col-md-offset-2 col-md-8 col-sm-12 col-xs-12\">\r\n<div>\u00a0<\/div>\r\n<\/div>\r\n<\/div>\r\n<\/div>\r\n<\/footer><\/div>\r\n<\/div>\r\n<\/div>\r\n<\/div>\r\n<\/div>\r\n","protected":false},"excerpt":{"rendered":"<p>Responsable. \u00bfQui\u00e9n es el Responsable del tratamiento de sus datos?Le informamos que Toldos Led (en adelante Responsable del Tratamiento) es el titular de la web www.toldosled.es. Pueden contactar por correo electr\u00f3nico a: comercial@toldosled.es. Legitimaci\u00f3n. \u00bfCu\u00e1l es la legitimaci\u00f3n para el tratamiento de sus datos?La base legal para el tratamiento de sus datos est\u00e1 basada en&hellip;<\/p>\n","protected":false},"author":1,"featured_media":0,"parent":0,"menu_order":0,"comment_status":"closed","ping_status":"closed","template":"","meta":{"_joinchat":[],"footnotes":""},"class_list":["post-5637","page","type-page","status-publish","hentry","entry","no-media"],"yoast_head":"<!-- This site is optimized with the Yoast SEO plugin v26.8 - https:\/\/yoast.com\/product\/yoast-seo-wordpress\/ -->\n<title>Pol\u00edtica de privacidad - Toldos Led<\/title>\n<meta name=\"robots\" content=\"noindex, nofollow\" \/>\n<meta property=\"og:locale\" content=\"en_US\" \/>\n<meta property=\"og:type\" content=\"article\" \/>\n<meta property=\"og:title\" content=\"Pol\u00edtica de privacidad - Toldos Led\" \/>\n<meta property=\"og:description\" content=\"Responsable. \u00bfQui\u00e9n es el Responsable del tratamiento de sus datos?Le informamos que Toldos Led (en adelante Responsable del Tratamiento) es el titular de la web www.toldosled.es. Pueden contactar por correo electr\u00f3nico a: comercial@toldosled.es. Legitimaci\u00f3n. \u00bfCu\u00e1l es la legitimaci\u00f3n para el tratamiento de sus datos?La base legal para el tratamiento de sus datos est\u00e1 basada en&hellip;\" \/>\n<meta property=\"og:url\" content=\"https:\/\/toldosled.es\/politica-de-privacidad\/\" \/>\n<meta property=\"og:site_name\" content=\"Toldos Led\" \/>\n<meta name=\"twitter:card\" content=\"summary_large_image\" \/>\n<meta name=\"twitter:label1\" content=\"Est. reading time\" \/>\n\t<meta name=\"twitter:data1\" content=\"5 minutes\" \/>\n<script type=\"application\/ld+json\" class=\"yoast-schema-graph\">{\"@context\":\"https:\/\/schema.org\",\"@graph\":[{\"@type\":\"WebPage\",\"@id\":\"https:\/\/toldosled.es\/politica-de-privacidad\/\",\"url\":\"https:\/\/toldosled.es\/politica-de-privacidad\/\",\"name\":\"Pol\u00edtica de privacidad - Toldos Led\",\"isPartOf\":{\"@id\":\"https:\/\/toldosled.es\/#website\"},\"datePublished\":\"2019-11-19T08:25:10+00:00\",\"breadcrumb\":{\"@id\":\"https:\/\/toldosled.es\/politica-de-privacidad\/#breadcrumb\"},\"inLanguage\":\"en-US\",\"potentialAction\":[{\"@type\":\"ReadAction\",\"target\":[\"https:\/\/toldosled.es\/politica-de-privacidad\/\"]}]},{\"@type\":\"BreadcrumbList\",\"@id\":\"https:\/\/toldosled.es\/politica-de-privacidad\/#breadcrumb\",\"itemListElement\":[{\"@type\":\"ListItem\",\"position\":1,\"name\":\"Portada\",\"item\":\"https:\/\/toldosled.es\/en\/\"},{\"@type\":\"ListItem\",\"position\":2,\"name\":\"Pol\u00edtica de privacidad\"}]},{\"@type\":\"WebSite\",\"@id\":\"https:\/\/toldosled.es\/#website\",\"url\":\"https:\/\/toldosled.es\/\",\"name\":\"Toldos Led\",\"description\":\"\",\"publisher\":{\"@id\":\"https:\/\/toldosled.es\/#organization\"},\"potentialAction\":[{\"@type\":\"SearchAction\",\"target\":{\"@type\":\"EntryPoint\",\"urlTemplate\":\"https:\/\/toldosled.es\/?s={search_term_string}\"},\"query-input\":{\"@type\":\"PropertyValueSpecification\",\"valueRequired\":true,\"valueName\":\"search_term_string\"}}],\"inLanguage\":\"en-US\"},{\"@type\":\"Organization\",\"@id\":\"https:\/\/toldosled.es\/#organization\",\"name\":\"Toldos Led - kits Iluminaci\u00f3n para toldos\",\"url\":\"https:\/\/toldosled.es\/\",\"logo\":{\"@type\":\"ImageObject\",\"inLanguage\":\"en-US\",\"@id\":\"https:\/\/toldosled.es\/#\/schema\/logo\/image\/\",\"url\":\"http:\/\/toldosled.es\/wp-content\/uploads\/2019\/12\/toldoled_favicon.png\",\"contentUrl\":\"http:\/\/toldosled.es\/wp-content\/uploads\/2019\/12\/toldoled_favicon.png\",\"width\":156,\"height\":156,\"caption\":\"Toldos Led - kits Iluminaci\u00f3n para toldos\"},\"image\":{\"@id\":\"https:\/\/toldosled.es\/#\/schema\/logo\/image\/\"}}]}<\/script>\n<!-- \/ Yoast SEO plugin. -->","yoast_head_json":{"title":"Pol\u00edtica de privacidad - Toldos Led","robots":{"index":"noindex","follow":"nofollow"},"og_locale":"en_US","og_type":"article","og_title":"Pol\u00edtica de privacidad - Toldos Led","og_description":"Responsable. \u00bfQui\u00e9n es el Responsable del tratamiento de sus datos?Le informamos que Toldos Led (en adelante Responsable del Tratamiento) es el titular de la web www.toldosled.es. Pueden contactar por correo electr\u00f3nico a: comercial@toldosled.es. Legitimaci\u00f3n. \u00bfCu\u00e1l es la legitimaci\u00f3n para el tratamiento de sus datos?La base legal para el tratamiento de sus datos est\u00e1 basada en&hellip;","og_url":"https:\/\/toldosled.es\/politica-de-privacidad\/","og_site_name":"Toldos Led","twitter_card":"summary_large_image","twitter_misc":{"Est. reading time":"5 minutes"},"schema":{"@context":"https:\/\/schema.org","@graph":[{"@type":"WebPage","@id":"https:\/\/toldosled.es\/politica-de-privacidad\/","url":"https:\/\/toldosled.es\/politica-de-privacidad\/","name":"Pol\u00edtica de privacidad - Toldos Led","isPartOf":{"@id":"https:\/\/toldosled.es\/#website"},"datePublished":"2019-11-19T08:25:10+00:00","breadcrumb":{"@id":"https:\/\/toldosled.es\/politica-de-privacidad\/#breadcrumb"},"inLanguage":"en-US","potentialAction":[{"@type":"ReadAction","target":["https:\/\/toldosled.es\/politica-de-privacidad\/"]}]},{"@type":"BreadcrumbList","@id":"https:\/\/toldosled.es\/politica-de-privacidad\/#breadcrumb","itemListElement":[{"@type":"ListItem","position":1,"name":"Portada","item":"https:\/\/toldosled.es\/en\/"},{"@type":"ListItem","position":2,"name":"Pol\u00edtica de privacidad"}]},{"@type":"WebSite","@id":"https:\/\/toldosled.es\/#website","url":"https:\/\/toldosled.es\/","name":"Toldos Led","description":"","publisher":{"@id":"https:\/\/toldosled.es\/#organization"},"potentialAction":[{"@type":"SearchAction","target":{"@type":"EntryPoint","urlTemplate":"https:\/\/toldosled.es\/?s={search_term_string}"},"query-input":{"@type":"PropertyValueSpecification","valueRequired":true,"valueName":"search_term_string"}}],"inLanguage":"en-US"},{"@type":"Organization","@id":"https:\/\/toldosled.es\/#organization","name":"Toldos Led - kits Iluminaci\u00f3n para toldos","url":"https:\/\/toldosled.es\/","logo":{"@type":"ImageObject","inLanguage":"en-US","@id":"https:\/\/toldosled.es\/#\/schema\/logo\/image\/","url":"http:\/\/toldosled.es\/wp-content\/uploads\/2019\/12\/toldoled_favicon.png","contentUrl":"http:\/\/toldosled.es\/wp-content\/uploads\/2019\/12\/toldoled_favicon.png","width":156,"height":156,"caption":"Toldos Led - kits Iluminaci\u00f3n para toldos"},"image":{"@id":"https:\/\/toldosled.es\/#\/schema\/logo\/image\/"}}]}},"_links":{"self":[{"href":"https:\/\/toldosled.es\/en\/wp-json\/wp\/v2\/pages\/5637","targetHints":{"allow":["GET"]}}],"collection":[{"href":"https:\/\/toldosled.es\/en\/wp-json\/wp\/v2\/pages"}],"about":[{"href":"https:\/\/toldosled.es\/en\/wp-json\/wp\/v2\/types\/page"}],"author":[{"embeddable":true,"href":"https:\/\/toldosled.es\/en\/wp-json\/wp\/v2\/users\/1"}],"replies":[{"embeddable":true,"href":"https:\/\/toldosled.es\/en\/wp-json\/wp\/v2\/comments?post=5637"}],"version-history":[{"count":0,"href":"https:\/\/toldosled.es\/en\/wp-json\/wp\/v2\/pages\/5637\/revisions"}],"wp:attachment":[{"href":"https:\/\/toldosled.es\/en\/wp-json\/wp\/v2\/media?parent=5637"}],"curies":[{"name":"wp","href":"https:\/\/api.w.org\/{rel}","templated":true}]}}